{"id":4976,"date":"2018-03-23T12:53:40","date_gmt":"2018-03-23T11:53:40","guid":{"rendered":"https:\/\/www.ibiza-selected.com\/en\/?page_id=4976"},"modified":"2025-11-25T15:48:49","modified_gmt":"2025-11-25T14:48:49","slug":"ibiza-selected-villa-full-fridge-service-your-stress-free-arrival","status":"publish","type":"page","link":"https:\/\/www.ibiza-selected.com\/de\/einkaufs-service\/","title":{"rendered":"Villa Full Fridge Service auf Ibiza"},"content":{"rendered":"<p>Villa Full Fridge Service auf Ibiza &#8211; Ihr Urlaub beginnt mit einem gut gef\u00fcllten K\u00fchlschrank<\/p>\n<p>Kommen Sie in Ihrer Villa auf Ibiza an und beginnen Sie Ihren Urlaub stressfrei mit unserem Premium Villa Full Fridge Service. Ganz gleich, ob Sie einen romantischen Kurzurlaub, einen Familienausflug oder eine Gruppenfeier planen, wir sorgen daf\u00fcr, dass Ihr K\u00fchlschrank mit Ihren Lieblingsspeisen, Getr\u00e4nken und anderen wichtigen Dingen gef\u00fcllt ist, noch bevor Sie durch die T\u00fcr kommen. Von frischen Produkten aus der Region \u00fcber Gourmet-Snacks bis hin zu erlesenen Weinen und Bio-Produkten &#8211; jeder Artikel wird nach Ihren Vorlieben handverlesen. Umgehen Sie die Warteschlangen im Supermarkt und genie\u00dfen Sie mehr Zeit am Pool.<\/p>\n<p>\u00dcberlassen Sie uns das Einkaufen, damit Sie sich vom ersten Moment an in Ihrer Luxusvilla auf Ibiza entspannen k\u00f6nnen.<\/p>","protected":false},"excerpt":{"rendered":"<p>Villa Full Fridge Service auf Ibiza &#8211; Ihr Urlaub beginnt mit einem gut gef\u00fcllten K\u00fchlschrank Kommen Sie in Ihrer Villa &hellip;<\/p>\n","protected":false},"author":11,"featured_media":32486,"parent":0,"menu_order":0,"comment_status":"closed","ping_status":"closed","template":"page-fridge.php","meta":{"footnotes":""},"class_list":["post-4976","page","type-page","status-publish","has-post-thumbnail","hentry"],"acf":[],"yoast_head":"<!-- This site is optimized with the Yoast SEO Premium plugin v27.5 (Yoast SEO v27.5) - https:\/\/yoast.com\/product\/yoast-seo-premium-wordpress\/ -->\n<title>Ibiza Villa Full Fridge Service<\/title>\n<meta name=\"description\" content=\"Arrive at your Ibiza villa knowing your fridge is fully stocked! Premium delivery of fresh stuff, drinks, and gourmet snack before you arrive\" \/>\n<meta name=\"robots\" content=\"index, follow, max-snippet:-1, max-image-preview:large, max-video-preview:-1\" \/>\n<link rel=\"canonical\" href=\"https:\/\/www.ibiza-selected.com\/de\/wp-json\/wp\/v2\/pages\/4976\" \/>\n<meta property=\"og:locale\" content=\"de_DE\" \/>\n<meta property=\"og:type\" content=\"article\" \/>\n<meta property=\"og:title\" content=\"Ibiza Villa Full Fridge Service\" \/>\n<meta property=\"og:description\" content=\"Arrive at your Ibiza villa knowing your fridge is fully stocked! Premium delivery of fresh stuff, drinks, and gourmet snack before you arrive\" \/>\n<meta property=\"og:url\" content=\"https:\/\/www.ibiza-selected.com\/de\/wp-json\/wp\/v2\/pages\/4976\" \/>\n<meta property=\"og:site_name\" content=\"Ibiza Selected - Luxury Villa Rentals\" \/>\n<meta property=\"article:publisher\" content=\"https:\/\/www.facebook.com\/IbizaSelected\/\" \/>\n<meta property=\"article:modified_time\" content=\"2025-11-25T14:48:49+00:00\" \/>\n<meta property=\"og:image\" content=\"https:\/\/www.ibiza-selected.com\/wp-content\/uploads\/2024\/01\/full-fridge.jpg\" \/>\n\t<meta property=\"og:image:width\" content=\"1024\" \/>\n\t<meta property=\"og:image:height\" content=\"1024\" \/>\n\t<meta property=\"og:image:type\" content=\"image\/jpeg\" \/>\n<meta name=\"twitter:card\" content=\"summary_large_image\" \/>\n<meta name=\"twitter:title\" content=\"Villa Full Fridge Service auf Ibiza\" \/>\n<script type=\"application\/ld+json\" class=\"yoast-schema-graph\">{\"@context\":\"https:\\\/\\\/schema.org\",\"@graph\":[{\"@type\":\"WebPage\",\"@id\":\"https:\\\/\\\/www.ibiza-selected.com\\\/en\\\/full-fridge-service\\\/\",\"url\":\"https:\\\/\\\/www.ibiza-selected.com\\\/de\\\/wp-json\\\/wp\\\/v2\\\/pages\\\/4976\",\"name\":\"Ibiza Villa Full Fridge Service\",\"isPartOf\":{\"@id\":\"https:\\\/\\\/www.ibiza-selected.com\\\/de\\\/#website\"},\"primaryImageOfPage\":{\"@id\":\"https:\\\/\\\/www.ibiza-selected.com\\\/de\\\/wp-json\\\/wp\\\/v2\\\/pages\\\/4976#primaryimage\"},\"image\":{\"@id\":\"https:\\\/\\\/www.ibiza-selected.com\\\/de\\\/wp-json\\\/wp\\\/v2\\\/pages\\\/4976#primaryimage\"},\"thumbnailUrl\":\"https:\\\/\\\/www.ibiza-selected.com\\\/wp-content\\\/uploads\\\/2024\\\/01\\\/full-fridge.jpg\",\"datePublished\":\"2018-03-23T11:53:40+00:00\",\"dateModified\":\"2025-11-25T14:48:49+00:00\",\"description\":\"Arrive at your Ibiza villa knowing your fridge is fully stocked! Premium delivery of fresh stuff, drinks, and gourmet snack before you arrive\",\"breadcrumb\":{\"@id\":\"https:\\\/\\\/www.ibiza-selected.com\\\/de\\\/wp-json\\\/wp\\\/v2\\\/pages\\\/4976#breadcrumb\"},\"inLanguage\":\"de\",\"potentialAction\":[{\"@type\":\"ReadAction\",\"target\":[\"https:\\\/\\\/www.ibiza-selected.com\\\/de\\\/wp-json\\\/wp\\\/v2\\\/pages\\\/4976\"]}]},{\"@type\":\"ImageObject\",\"inLanguage\":\"de\",\"@id\":\"https:\\\/\\\/www.ibiza-selected.com\\\/de\\\/wp-json\\\/wp\\\/v2\\\/pages\\\/4976#primaryimage\",\"url\":\"https:\\\/\\\/www.ibiza-selected.com\\\/wp-content\\\/uploads\\\/2024\\\/01\\\/full-fridge.jpg\",\"contentUrl\":\"https:\\\/\\\/www.ibiza-selected.com\\\/wp-content\\\/uploads\\\/2024\\\/01\\\/full-fridge.jpg\",\"width\":1024,\"height\":1024,\"caption\":\"Full Fridge Service\"},{\"@type\":\"BreadcrumbList\",\"@id\":\"https:\\\/\\\/www.ibiza-selected.com\\\/de\\\/wp-json\\\/wp\\\/v2\\\/pages\\\/4976#breadcrumb\",\"itemListElement\":[{\"@type\":\"ListItem\",\"position\":1,\"name\":\"Home\",\"item\":\"https:\\\/\\\/www.ibiza-selected.com\\\/en\\\/\"},{\"@type\":\"ListItem\",\"position\":2,\"name\":\"Villa Full Fridge Service in Ibiza\"}]},{\"@type\":\"WebSite\",\"@id\":\"https:\\\/\\\/www.ibiza-selected.com\\\/de\\\/#website\",\"url\":\"https:\\\/\\\/www.ibiza-selected.com\\\/de\\\/\",\"name\":\"Ibiza Selected\",\"description\":\"Individuell &amp; Stilvoll relaxen - Willkommen bei Ibiza Selected\",\"publisher\":{\"@id\":\"https:\\\/\\\/www.ibiza-selected.com\\\/de\\\/#organization\"},\"potentialAction\":[{\"@type\":\"SearchAction\",\"target\":{\"@type\":\"EntryPoint\",\"urlTemplate\":\"https:\\\/\\\/www.ibiza-selected.com\\\/de\\\/?s={search_term_string}\"},\"query-input\":{\"@type\":\"PropertyValueSpecification\",\"valueRequired\":true,\"valueName\":\"search_term_string\"}}],\"inLanguage\":\"de\"},{\"@type\":\"Organization\",\"@id\":\"https:\\\/\\\/www.ibiza-selected.com\\\/de\\\/#organization\",\"name\":\"Ibiza Selected\",\"url\":\"https:\\\/\\\/www.ibiza-selected.com\\\/de\\\/\",\"logo\":{\"@type\":\"ImageObject\",\"inLanguage\":\"de\",\"@id\":\"https:\\\/\\\/www.ibiza-selected.com\\\/de\\\/#\\\/schema\\\/logo\\\/image\\\/\",\"url\":\"https:\\\/\\\/www.ibiza-selected.com\\\/wp-content\\\/uploads\\\/2017\\\/10\\\/logo-dunkel.png\",\"contentUrl\":\"https:\\\/\\\/www.ibiza-selected.com\\\/wp-content\\\/uploads\\\/2017\\\/10\\\/logo-dunkel.png\",\"width\":300,\"height\":60,\"caption\":\"Ibiza Selected\"},\"image\":{\"@id\":\"https:\\\/\\\/www.ibiza-selected.com\\\/de\\\/#\\\/schema\\\/logo\\\/image\\\/\"},\"sameAs\":[\"https:\\\/\\\/www.facebook.com\\\/IbizaSelected\\\/\",\"https:\\\/\\\/www.youtube.com\\\/playlist?list=PLrClDhGy2GfffP6ajdISQM6U-_y330OtO\",\"https:\\\/\\\/www.instagram.com\\\/ibiza_selected\\\/\"]}]}<\/script>\n<!-- \/ Yoast SEO Premium plugin. -->","yoast_head_json":{"title":"Ibiza Villa Full Fridge Service","description":"Arrive at your Ibiza villa knowing your fridge is fully stocked! Premium delivery of fresh stuff, drinks, and gourmet snack before you arrive","robots":{"index":"index","follow":"follow","max-snippet":"max-snippet:-1","max-image-preview":"max-image-preview:large","max-video-preview":"max-video-preview:-1"},"canonical":"https:\/\/www.ibiza-selected.com\/de\/wp-json\/wp\/v2\/pages\/4976","og_locale":"de_DE","og_type":"article","og_title":"Ibiza Villa Full Fridge Service","og_description":"Arrive at your Ibiza villa knowing your fridge is fully stocked! Premium delivery of fresh stuff, drinks, and gourmet snack before you arrive","og_url":"https:\/\/www.ibiza-selected.com\/de\/wp-json\/wp\/v2\/pages\/4976","og_site_name":"Ibiza Selected - Luxury Villa Rentals","article_publisher":"https:\/\/www.facebook.com\/IbizaSelected\/","article_modified_time":"2025-11-25T14:48:49+00:00","og_image":[{"width":1024,"height":1024,"url":"https:\/\/www.ibiza-selected.com\/wp-content\/uploads\/2024\/01\/full-fridge.jpg","type":"image\/jpeg"}],"twitter_card":"summary_large_image","twitter_title":"Villa Full Fridge Service auf Ibiza","schema":{"@context":"https:\/\/schema.org","@graph":[{"@type":"WebPage","@id":"https:\/\/www.ibiza-selected.com\/en\/full-fridge-service\/","url":"https:\/\/www.ibiza-selected.com\/de\/wp-json\/wp\/v2\/pages\/4976","name":"Ibiza Villa Full Fridge Service","isPartOf":{"@id":"https:\/\/www.ibiza-selected.com\/de\/#website"},"primaryImageOfPage":{"@id":"https:\/\/www.ibiza-selected.com\/de\/wp-json\/wp\/v2\/pages\/4976#primaryimage"},"image":{"@id":"https:\/\/www.ibiza-selected.com\/de\/wp-json\/wp\/v2\/pages\/4976#primaryimage"},"thumbnailUrl":"https:\/\/www.ibiza-selected.com\/wp-content\/uploads\/2024\/01\/full-fridge.jpg","datePublished":"2018-03-23T11:53:40+00:00","dateModified":"2025-11-25T14:48:49+00:00","description":"Arrive at your Ibiza villa knowing your fridge is fully stocked! Premium delivery of fresh stuff, drinks, and gourmet snack before you arrive","breadcrumb":{"@id":"https:\/\/www.ibiza-selected.com\/de\/wp-json\/wp\/v2\/pages\/4976#breadcrumb"},"inLanguage":"de","potentialAction":[{"@type":"ReadAction","target":["https:\/\/www.ibiza-selected.com\/de\/wp-json\/wp\/v2\/pages\/4976"]}]},{"@type":"ImageObject","inLanguage":"de","@id":"https:\/\/www.ibiza-selected.com\/de\/wp-json\/wp\/v2\/pages\/4976#primaryimage","url":"https:\/\/www.ibiza-selected.com\/wp-content\/uploads\/2024\/01\/full-fridge.jpg","contentUrl":"https:\/\/www.ibiza-selected.com\/wp-content\/uploads\/2024\/01\/full-fridge.jpg","width":1024,"height":1024,"caption":"Full Fridge Service"},{"@type":"BreadcrumbList","@id":"https:\/\/www.ibiza-selected.com\/de\/wp-json\/wp\/v2\/pages\/4976#breadcrumb","itemListElement":[{"@type":"ListItem","position":1,"name":"Home","item":"https:\/\/www.ibiza-selected.com\/en\/"},{"@type":"ListItem","position":2,"name":"Villa Full Fridge Service in Ibiza"}]},{"@type":"WebSite","@id":"https:\/\/www.ibiza-selected.com\/de\/#website","url":"https:\/\/www.ibiza-selected.com\/de\/","name":"Ibiza Selected","description":"Individuell &amp; Stilvoll relaxen - Willkommen bei Ibiza Selected","publisher":{"@id":"https:\/\/www.ibiza-selected.com\/de\/#organization"},"potentialAction":[{"@type":"SearchAction","target":{"@type":"EntryPoint","urlTemplate":"https:\/\/www.ibiza-selected.com\/de\/?s={search_term_string}"},"query-input":{"@type":"PropertyValueSpecification","valueRequired":true,"valueName":"search_term_string"}}],"inLanguage":"de"},{"@type":"Organization","@id":"https:\/\/www.ibiza-selected.com\/de\/#organization","name":"Ibiza Selected","url":"https:\/\/www.ibiza-selected.com\/de\/","logo":{"@type":"ImageObject","inLanguage":"de","@id":"https:\/\/www.ibiza-selected.com\/de\/#\/schema\/logo\/image\/","url":"https:\/\/www.ibiza-selected.com\/wp-content\/uploads\/2017\/10\/logo-dunkel.png","contentUrl":"https:\/\/www.ibiza-selected.com\/wp-content\/uploads\/2017\/10\/logo-dunkel.png","width":300,"height":60,"caption":"Ibiza Selected"},"image":{"@id":"https:\/\/www.ibiza-selected.com\/de\/#\/schema\/logo\/image\/"},"sameAs":["https:\/\/www.facebook.com\/IbizaSelected\/","https:\/\/www.youtube.com\/playlist?list=PLrClDhGy2GfffP6ajdISQM6U-_y330OtO","https:\/\/www.instagram.com\/ibiza_selected\/"]}]}},"_links":{"self":[{"href":"https:\/\/www.ibiza-selected.com\/de\/wp-json\/wp\/v2\/pages\/4976","targetHints":{"allow":["GET"]}}],"collection":[{"href":"https:\/\/www.ibiza-selected.com\/de\/wp-json\/wp\/v2\/pages"}],"about":[{"href":"https:\/\/www.ibiza-selected.com\/de\/wp-json\/wp\/v2\/types\/page"}],"author":[{"embeddable":true,"href":"https:\/\/www.ibiza-selected.com\/de\/wp-json\/wp\/v2\/users\/11"}],"replies":[{"embeddable":true,"href":"https:\/\/www.ibiza-selected.com\/de\/wp-json\/wp\/v2\/comments?post=4976"}],"version-history":[{"count":8,"href":"https:\/\/www.ibiza-selected.com\/de\/wp-json\/wp\/v2\/pages\/4976\/revisions"}],"predecessor-version":[{"id":269206,"href":"https:\/\/www.ibiza-selected.com\/de\/wp-json\/wp\/v2\/pages\/4976\/revisions\/269206"}],"wp:featuredmedia":[{"embeddable":true,"href":"https:\/\/www.ibiza-selected.com\/de\/wp-json\/wp\/v2\/media\/32486"}],"wp:attachment":[{"href":"https:\/\/www.ibiza-selected.com\/de\/wp-json\/wp\/v2\/media?parent=4976"}],"curies":[{"name":"wp","href":"https:\/\/api.w.org\/{rel}","templated":true}]}}